{"id":207,"date":"2024-06-10T19:31:10","date_gmt":"2024-06-10T17:31:10","guid":{"rendered":"https:\/\/liturgie.34700.fr\/?page_id=207"},"modified":"2024-06-17T22:51:35","modified_gmt":"2024-06-17T20:51:35","slug":"feuille-de-chants","status":"publish","type":"page","link":"https:\/\/liturgie.34700.fr\/index.php\/feuille-de-chants\/","title":{"rendered":"Feuille de chants"},"content":{"rendered":"\n<h2>12\u00e8me dimanche du Temps Ordinaire<br><strong>Messe du dimanche 23 juin 2024<\/strong><\/h2>\n\n\n\n<p><strong>ENTR\u00c9E<\/strong><\/p>\n\n\n\n<p><strong>Jubilez, criez de joie! Acclamez le Dieu trois fois Saint!<\/strong><br><strong>Venez le prier dans la paix, t\u00e9moigner de son amour.<\/strong><br><strong>Jubilez, criez de joie pour Dieu, notre Dieu<\/strong><\/p>\n\n\n\n<p>1. Louez le Dieu de lumi\u00e8re. Il nous arrache aux t\u00e9n\u00e8bres.<br>Devenez en sa clart\u00e9 Des enfants de la lumi\u00e8re.<\/p>\n\n\n\n<p>2. Ouvrez-vous, ouvrez vos coeurs Au Dieu de mis\u00e9ricorde.<br>Laissez-vous r\u00e9concilier, Laissez-vous transfigurer.<\/p>\n\n\n\n<p>3. Notre Dieu est tout Amour, Toute paix, toute tendresse.<br>Demeurez en son Amour Il vous comblera de Lui.<\/p>\n\n\n\n<p>4. A l\u2019ouvrage de sa gr\u00e2ce, Offez toute votre vie.<br>Il pourra vous transformer, Lui, le Dieu qui sanctifie.<\/p>\n\n\n\n<p>5. Louange au P\u00e8re et au Fils, Louange \u00e0 l\u2019Esprit de gloire<br>Bienheureuse Trinit\u00e9, Notre joie et notre vie.<\/p>\n\n\n\n<p><strong>KYRIE<\/strong>&nbsp;&#8211; Messe de San Lorenzo<\/p>\n\n\n\n<p>Kyrie eleison, eleison, Kyrie eleison, Kyrie eleison christe eleison, eleison, Christe eleison, Christe eleison<br>Kyrie eleison, eleison, Kyrie eleison, Kyrie eleison<\/p>\n\n\n\n<p><strong>GLORIA<\/strong>&nbsp;&#8211; Messe du Partage<\/p>\n\n\n\n<p>Gloire \u00e0 Dieu au plus haut des cieux et paix sur la terre aux hommes qu\u2019il aime.<\/p>\n\n\n\n<p>Nous te louons, nous te b\u00e9nissons,<br>Nous t\u2019adorons, nous te glorifions,<br>Nous te rendons gr\u00e2ce pour ton immense<br>gloire.<\/p>\n\n\n\n<p>Seigneur Dieu, Roi du ciel,<br>Dieu, le P\u00e8re tout-puissant.<br>Seigneur, Fils unique, J\u00e9sus Christ,<br>Seigneur Dieu, Agneau de Dieu,<br>le Fils du P\u00e8re;<\/p>\n\n\n\n<p>Toi qui enl\u00e8ves les p\u00e9ch\u00e9s du monde,<br>Prends piti\u00e9 de nous ;<br>Toi qui enl\u00e8ves les p\u00e9ch\u00e9s du monde,<br>Re\u00e7ois notre pri\u00e8re ;<br>Toi qui es assis \u00e0 la droite du P\u00e8re,<br>Prends piti\u00e9 de nous.<\/p>\n\n\n\n<p>Car toi seul es saint, toi seul es Seigneur,<br>Toi seul es le Tr\u00e8s-Haut :<br>J\u00e9sus-Christ, avec le Saint Esprit,<br>Dans la gloire de Dieu le P\u00e8re. Amen.<\/p>\n\n\n\n<p><strong>PREMI\u00c8RE LECTURE<\/strong>&nbsp;(Jb 38, 1.8-11)<\/p>\n\n\n\n<p><strong>PSAUME<\/strong>&nbsp;(106 (107), 21a.22a.24, 25-26a.27b, 28-29, 30-31)<\/p>\n\n\n\n<p><strong>DEUXI\u00c8ME LECTURE<\/strong>&nbsp;(2 Co 5, 14-17)<\/p>\n\n\n\n<p><strong>ALL\u00c9LUIA<\/strong>&nbsp;&#8211; Cantico dell&#8217;Agnello<\/p>\n\n\n\n<p>Alleluia, alleluia, alleluia, alleluia (bis)<\/p>\n\n\n\n<p><strong>\u00c9VANGILE<\/strong>&nbsp;(Mc 4, 35-41)<\/p>\n\n\n\n<p><strong>PRI\u00c8RE UNIVERSELLE<\/strong><\/p>\n\n\n\n<p><strong>OFFERTOIRE<\/strong><\/p>\n\n\n\n<p><strong>SANCTUS<\/strong>&nbsp;&#8211; Messe de San Lorenzo<\/p>\n\n\n\n<p><strong>Sanctus, sanctus, Dominus, sanctus, sanctus, Dominus,<\/strong><br><strong>Deus sabaoth<\/strong><\/p>\n\n\n\n<p>1. Pleni sunt coeli et terra gloria tua.<br>Hosanna, Hosanna, in excelsis!<\/p>\n\n\n\n<p>2. Benedictus qui venit in nomine Domini.<br>Hosanna, Hosanna, in excelsis!<\/p>\n\n\n\n<p><strong>ANAMN\u00c8SE<\/strong>&nbsp;&#8211; Messe de San Lorenzo<\/p>\n\n\n\n<p>Nous proclamons ta mort, Seigneur J\u00e9sus,<br>Nous c\u00e9l\u00e9brons ta r\u00e9surrection,<br>Nous attendons ta venue dans la gloire.<\/p>\n\n\n\n<p>Mortem tuam annuntiamus Domine,<br>Et resurectionem tuam confitemur,<br>Donec venias !<\/p>\n\n\n\n<p><strong>AGNUS<\/strong>&nbsp;&#8211; Messe de San Lorenzo<\/p>\n\n\n\n<p>Agnus Dei qui tollis peccata mundi<br>Miserere nobis, miserere nobis. (bis)<\/p>\n\n\n\n<p>Agnus Dei qui tollis peccata mundi<br>Dona nobis pacem, dona nobis pacem.<\/p>\n\n\n\n<p><strong>COMMUNION<\/strong><\/p>\n\n\n\n<p><strong>C&#8217;est toi Seigneur le Pain rompu,<\/strong><br><strong>Livr\u00e9 pour notre vie.<\/strong><br><strong>C&#8217;est toi, Seigneur, notre unit\u00e9,<\/strong><br><strong>J\u00e9sus ressuscit\u00e9.<\/strong><\/p>\n\n\n\n<p>1. J\u00e9sus, la nuit qu\u00b4il fut livr\u00e9,<br>rompit le pain et dit :<br>Prenez, mangez : voici mon corps,<br>livr\u00e9 pour l\u00b4univers.<\/p>\n\n\n\n<p>2. J\u00e9sus, la nuit qu\u00b4il fut livr\u00e9,<br>montra le vin et dit :<br>Prenez, buvez : voici mon sang,<br>vers\u00e9 pour l\u00b4univers.<\/p>\n\n\n\n<p>3. Je donnerai gratuitement<br>\u00e0 ceux qui m\u00b4ont cherch\u00e9,<br>Et tous les pauvres mangeront,<br>parole du Seigneur.<\/p>\n\n\n\n<p>4. Je suis le pain qui donne vie :<br>qui croit en moi, vivra ;<br>Et je le ressusciterai,<br>au jour de mon retour.<\/p>\n\n\n\n<p>5. Je suis venu pour vous sauver<br>et non pour vous juger :<br>C\u00b4est notre P\u00e8re qui m\u00b4envoie<br>pour vous donner la vie.<\/p>\n\n\n\n<p>6. Nous partageons un m\u00eame pain,<br>dans une m\u00eame foi,<br>Et nous formons un m\u00eame corps :<br>l\u00b4\u00c9glise de J\u00e9sus.<\/p>\n\n\n\n<p>7. C\u00b4est maintenant le temps de Dieu :<br>il faut nous pr\u00e9parer.<br>C\u00b4est maintenant le temps de Dieu :<br>il faut changer nos c\u0153urs.<\/p>\n\n\n\n<p>8. Avant d\u00b4aller vers mon autel,<br>regarde ton prochain :<br>Pardonne et r\u00e9concilie-toi,<br>puis viens dans ma maison.<\/p>\n\n\n\n<p>9. Si nous souffrons en J\u00e9sus Christ,<br>en lui nous r\u00e9gnerons.<br>Si nous mourons en J\u00e9sus Christ,<br>en lui nous revivrons.<\/p>\n\n\n\n<p>10. L&#8217;esprit de Dieu m&#8217;a envoy\u00e9<br>pour annoncer la joie,<br>Pour lib\u00e9rer les prisonniers,<br>pour apporter la paix.<\/p>\n\n\n\n<p>11. Voici venir les temps nouveaux,<br>la terre des vivants :<br>Vous deviendrez mes bien-aim\u00e9s ;<br>Je suis \u00ab Dieu-avec-vous \u00bb<\/p>\n\n\n\n<p><strong>ENVOI<\/strong><\/p>\n\n\n\n<p><strong>MON DIEU, TU ES GRAND, TU ES BEAU<\/strong><br><strong>DIEU VIVANT, DIEU TR\u00c8S HAUT<\/strong><br><strong>TU ES LE DIEU D\u2019AMOUR<\/strong><br><strong>MON DIEU, TU ES GRAND, TU ES BEAU<\/strong><br><strong>DIEU VIVANT, DIEU TR\u00c8S HAUT<\/strong><br><strong>DIEU PR\u00c9SENT EN TOUTE CR\u00c9ATION<\/strong><\/p>\n\n\n\n<p>1. Par les cieux devant toi, splendeur et majest\u00e9<br>Par l\u2019infiniment grand, l\u2019infiniment petit<br>Et par le firmament, ton manteau \u00e9toil\u00e9<br>Et par fr\u00e8re soleil, je veux crier :<\/p>\n\n\n\n<p>2. Par tous les oc\u00e9ans et par toutes les mers<br>Par tous les continents et par l\u2019eau des rivi\u00e8res<br>Par le feu qui te dit comme un buisson ardent<br>Et par l\u2019aile du vent, je veux crier :<\/p>\n\n\n\n<p>3. Par toutes les montagnes et toutes les vall\u00e9es<br>Par l\u2019ombre des for\u00eats et par les fleurs des champs<br>Par les bourgeons des arbres et l\u2019herbe des prairies<br>Par le bl\u00e9 en \u00e9pis, je veux crier :<\/p>\n","protected":false},"excerpt":{"rendered":"<p>12\u00e8me dimanche du Temps OrdinaireMesse du dimanche 23 juin 2024 ENTR\u00c9E Jubilez, criez de joie! Acclamez le Dieu trois fois Saint!Venez le prier dans la paix, t\u00e9moigner de son amour.Jubilez, criez de joie pour Dieu, notre Dieu 1. Louez le Dieu de lumi\u00e8re. Il nous arrache aux t\u00e9n\u00e8bres.Devenez en sa clart\u00e9 Des enfants de la lumi\u00e8re. 2. Ouvrez-vous, ouvrez vos coeurs Au Dieu de mis\u00e9ricorde.Laissez-vous r\u00e9concilier, Laissez-vous transfigurer. 3. Notre Dieu est tout Amour, Toute paix, toute tendresse.Demeurez en son Amour Il vous comblera de Lui. 4. A l\u2019ouvrage de sa gr\u00e2ce, Offez toute votre vie.Il pourra vous transformer, Lui, le Dieu qui sanctifie. 5. Louange au P\u00e8re et au Fils, Louange \u00e0 l\u2019Esprit de gloireBienheureuse Trinit\u00e9, Notre joie et notre vie. KYRIE&nbsp;&#8211; Messe de San Lorenzo Kyrie eleison, eleison, Kyrie eleison, Kyrie eleison christe eleison, eleison, Christe eleison, Christe eleisonKyrie eleison, eleison, Kyrie eleison, Kyrie eleison GLORIA&nbsp;&#8211; Messe du Partage Gloire \u00e0 Dieu au plus haut des cieux et paix sur la terre aux hommes qu\u2019il aime. Nous te louons, nous te b\u00e9nissons,Nous t\u2019adorons, nous te glorifions,Nous te rendons gr\u00e2ce pour ton immensegloire. Seigneur Dieu, Roi du ciel,Dieu, le P\u00e8re tout-puissant.Seigneur, Fils unique, J\u00e9sus Christ,Seigneur Dieu, Agneau de Dieu,le Fils du P\u00e8re; Toi qui enl\u00e8ves les p\u00e9ch\u00e9s du monde,Prends piti\u00e9 de nous ;Toi qui enl\u00e8ves les p\u00e9ch\u00e9s du monde,Re\u00e7ois notre pri\u00e8re ;Toi qui es assis \u00e0 la droite du P\u00e8re,Prends piti\u00e9 de nous. Car toi seul es saint, toi seul es Seigneur,Toi seul es le Tr\u00e8s-Haut :J\u00e9sus-Christ, avec le Saint Esprit,Dans la gloire de Dieu le P\u00e8re. Amen. PREMI\u00c8RE LECTURE&nbsp;(Jb 38, 1.8-11) PSAUME&nbsp;(106 (107), 21a.22a.24, 25-26a.27b, 28-29, 30-31) DEUXI\u00c8ME LECTURE&nbsp;(2 Co 5, 14-17) ALL\u00c9LUIA&nbsp;&#8211; Cantico dell&#8217;Agnello Alleluia, alleluia, alleluia, alleluia (bis) \u00c9VANGILE&nbsp;(Mc 4, 35-41) PRI\u00c8RE UNIVERSELLE OFFERTOIRE SANCTUS&nbsp;&#8211; Messe de San Lorenzo Sanctus, sanctus, Dominus, sanctus, sanctus, Dominus,Deus sabaoth 1. Pleni sunt coeli et terra gloria tua.Hosanna, Hosanna, in excelsis! 2. Benedictus qui venit in nomine Domini.Hosanna, Hosanna, in excelsis! ANAMN\u00c8SE&nbsp;&#8211; Messe de San Lorenzo Nous proclamons ta mort, Seigneur J\u00e9sus,Nous c\u00e9l\u00e9brons ta r\u00e9surrection,Nous attendons ta venue dans la gloire. Mortem tuam annuntiamus Domine,Et resurectionem tuam confitemur,Donec venias ! AGNUS&nbsp;&#8211; Messe de San Lorenzo Agnus Dei qui tollis peccata mundiMiserere nobis, miserere nobis. (bis) Agnus Dei qui tollis peccata mundiDona nobis pacem, dona nobis pacem. COMMUNION C&#8217;est toi Seigneur le Pain rompu,Livr\u00e9 pour notre vie.C&#8217;est toi, Seigneur, notre unit\u00e9,J\u00e9sus ressuscit\u00e9. 1. J\u00e9sus, la nuit qu\u00b4il fut livr\u00e9,rompit le pain et dit :Prenez, mangez : voici mon corps,livr\u00e9 pour l\u00b4univers. 2. J\u00e9sus, la nuit qu\u00b4il fut livr\u00e9,montra le vin et dit :Prenez, buvez : voici mon sang,vers\u00e9 pour l\u00b4univers. 3. Je donnerai gratuitement\u00e0 ceux qui m\u00b4ont cherch\u00e9,Et tous les pauvres mangeront,parole du Seigneur. 4. Je suis le pain qui donne vie :qui croit en moi, vivra ;Et je le ressusciterai,au jour de mon retour. 5. Je suis venu pour vous sauveret non pour vous juger :C\u00b4est notre P\u00e8re qui m\u00b4envoiepour vous donner la vie. 6. Nous partageons un m\u00eame pain,dans une m\u00eame foi,Et nous formons un m\u00eame corps :l\u00b4\u00c9glise de J\u00e9sus. 7. C\u00b4est maintenant le temps de Dieu :il faut nous pr\u00e9parer.C\u00b4est maintenant le temps de Dieu :il faut changer nos c\u0153urs. 8. Avant d\u00b4aller vers mon autel,regarde ton prochain :Pardonne et r\u00e9concilie-toi,puis viens dans ma maison. 9. Si nous souffrons en J\u00e9sus Christ,en lui nous r\u00e9gnerons.Si nous mourons en J\u00e9sus Christ,en lui nous revivrons. 10. L&#8217;esprit de Dieu m&#8217;a envoy\u00e9pour annoncer la joie,Pour lib\u00e9rer les prisonniers,pour apporter la paix. 11. Voici venir les temps nouveaux,la terre des vivants :Vous deviendrez mes bien-aim\u00e9s ;Je suis \u00ab Dieu-avec-vous \u00bb ENVOI MON DIEU, TU ES GRAND, TU ES BEAUDIEU VIVANT, DIEU TR\u00c8S HAUTTU ES LE DIEU D\u2019AMOURMON DIEU, TU ES GRAND, TU ES BEAUDIEU VIVANT, DIEU TR\u00c8S HAUTDIEU PR\u00c9SENT EN TOUTE CR\u00c9ATION 1. Par les cieux devant toi, splendeur et majest\u00e9Par l\u2019infiniment grand, l\u2019infiniment petitEt par le firmament, ton manteau \u00e9toil\u00e9Et par fr\u00e8re soleil, je veux crier : 2. Par tous les oc\u00e9ans et par toutes les mersPar tous les continents et par l\u2019eau des rivi\u00e8resPar le feu qui te dit comme un buisson ardentEt par l\u2019aile du vent, je veux crier : 3. Par toutes les montagnes et toutes les vall\u00e9esPar l\u2019ombre des for\u00eats et par les fleurs des champsPar les bourgeons des arbres et l\u2019herbe des prairiesPar le bl\u00e9 en \u00e9pis, je veux crier :<\/p>\n","protected":false},"author":1,"featured_media":0,"parent":0,"menu_order":0,"comment_status":"closed","ping_status":"closed","template":"","meta":[],"_links":{"self":[{"href":"https:\/\/liturgie.34700.fr\/index.php\/wp-json\/wp\/v2\/pages\/207"}],"collection":[{"href":"https:\/\/liturgie.34700.fr\/index.php\/wp-json\/wp\/v2\/pages"}],"about":[{"href":"https:\/\/liturgie.34700.fr\/index.php\/wp-json\/wp\/v2\/types\/page"}],"author":[{"embeddable":true,"href":"https:\/\/liturgie.34700.fr\/index.php\/wp-json\/wp\/v2\/users\/1"}],"replies":[{"embeddable":true,"href":"https:\/\/liturgie.34700.fr\/index.php\/wp-json\/wp\/v2\/comments?post=207"}],"version-history":[{"count":6,"href":"https:\/\/liturgie.34700.fr\/index.php\/wp-json\/wp\/v2\/pages\/207\/revisions"}],"predecessor-version":[{"id":218,"href":"https:\/\/liturgie.34700.fr\/index.php\/wp-json\/wp\/v2\/pages\/207\/revisions\/218"}],"wp:attachment":[{"href":"https:\/\/liturgie.34700.fr\/index.php\/wp-json\/wp\/v2\/media?parent=207"}],"curies":[{"name":"wp","href":"https:\/\/api.w.org\/{rel}","templated":true}]}}